{"id":3,"date":"2019-06-05T11:39:57","date_gmt":"2019-06-05T11:39:57","guid":{"rendered":"http:\/\/www.kirsikkaterveys.fi\/?page_id=3"},"modified":"2020-03-18T09:52:24","modified_gmt":"2020-03-18T07:52:24","slug":"rekisteriseloste","status":"publish","type":"page","link":"https:\/\/www.kirsikkaterveys.fi\/index.php\/rekisteriseloste\/","title":{"rendered":"Rekisteriseloste"},"content":{"rendered":"\n<p>Henkil\u00f6tietolain (523\/1999) 10 \u00a7 ja 24&amp; mukainen rekisteriseloste<br><\/p>\n\n\n\n<p><br><strong>REKISTERIN NIMI<\/strong><\/p>\n\n\n\n<p>Kirsikka Terveyden potilasrekisteri<\/p>\n\n\n\n<p><br><strong>REKISTERINPIT\u00c4J\u00c4<\/strong><\/p>\n\n\n\n<p>Nimi: Kirsikkaonni Oy\/ Kirsikka Terveys<br>Verkkosivut: kirsikkaterveys.fi<br>Osoite: Taitajantie 1, 38360 Sastamala<br>Puh. 050 310 1133<br>S\u00e4hk\u00f6posti: info@kirsikkaterveys.fi<\/p>\n\n\n\n<p><br><strong>REKISTERIASIOISTA VASTAAVA HENKIL\u00d6<\/strong><\/p>\n\n\n\n<p>Nimi: Kirsi Koskinen<br>Osoite: Niinipuuntie 20, 38360 Sastamala<br>Puh. 040 5420846<br>S\u00e4hk\u00f6posti: kirsi.koskinen@kirsikkaonni.fi<\/p>\n\n\n\n<p><br><strong>HENKIL\u00d6TIETOJEN K\u00c4SITTELYN TARKOITUS \/ REKISTERIN K\u00c4YTT\u00d6TARKOITUS<\/strong><\/p>\n\n\n\n<ul class=\"wp-block-list\"><li>Potilaan hoidon suunnittelu ja toteuttaminen sek\u00e4 hoidon seuranta<\/li><li>Potilasturvallisuuden ja laadun varmistaminen<\/li><li>Potilaan hoidon ja tutkimuksen laskutus<\/li><li>K\u00e4ytt\u00f6 perustuu potilaan ja terveydenhuollon henkil\u00f6n v\u00e4liseen hoitosuhteeseen<\/li><\/ul>\n\n\n\n<p>  <\/p>\n\n\n\n<p><br><strong>REKISTERIN TIETOSIS\u00c4LT\u00d6<\/strong><\/p>\n\n\n\n<p>Potilaan yksil\u00f6inti- ja yhteystiedot:<\/p>\n\n\n\n<ul class=\"wp-block-list\"><li>Nimi, henkil\u00f6tunnus, osoite, puhelinnumero, yhteyshenkil\u00f6n tiedot<\/li><\/ul>\n\n\n\n<p><br>Potilaan hoitoa koskevat tiedot:<\/p>\n\n\n\n<ul class=\"wp-block-list\"><li>Potilaskertomustiedot, tutkimustiedot<\/li><\/ul>\n\n\n\n\n\n<p><br>\n<p><strong>REKISTERIN TIETOL\u00c4HTEET<\/strong><\/p><\/p>\n\n\n\n<ul class=\"wp-block-list\"><li>Henkil\u00f6tiedot saadaan potilaalta itselt\u00e4\u00e4n<\/li><li>Tutkimusten ja hoidon yhteydess\u00e4 muodostuneet tiedot<\/li><li>Potilaan allekirjoittamalla suostumuksella hoitoon liittyvi\u00e4 potilastietoja Kanta-ohjelman kautta.<\/li><\/ul>\n\n\n\n<p><br>Tiedot ovat salassapidett\u00e4vi\u00e4.<\/p>\n\n\n\n<p><br><strong>TIETOJEN S\u00c4\u00c4NN\u00d6NMUKAISET LUOVUTUKSET<\/strong><\/p>\n\n\n\n<p>Potilastietoja voidaan luovuttaa potilaan yksil\u00f6idyll\u00e4 suostumuksella taikka mik\u00e4li asiasta on laissa nimenomaisesti erikseen s\u00e4\u00e4detty. Jos potilaalla ei ole edellytyksi\u00e4 arvioida annettavan suostumuksen merkityst\u00e4, tietoja saa antaa h\u00e4nen laillisen edustajansa suostumuksella. Potilas voi milloin tahansa peruuttaa antamansa suostumuksen tietojen luovuttamiseen.<\/p>\n\n\n\n<p><br><strong>TIETOJEN LUOVUTTAMINEN JA SIIRTO EU:N TAI ETA:N ULKOPUOLELLE<\/strong><\/p>\n\n\n\n<p>Tietoja ei luovuteta Euroopan unionin eik\u00e4 Euroopan talousalueen ulkopuolelle.<\/p>\n\n\n\n<p><br><strong>REKISTERIN SUOJAUKSEN PERIAATTEET<\/strong><\/p>\n\n\n\n<p>1) Manuaalista aineistoa ei k\u00e4ytet\u00e4, mutta jos sit\u00e4 syntyy, arkistoidaan se lukitussa tilassa rekisterinpit\u00e4j\u00e4n toimitilassa.<br>2) Rekisterin s\u00e4hk\u00f6iset aineistot, potilastiedot, s\u00e4ilytet\u00e4\u00e4n MediConsultin potilasohjelmassa, jonka k\u00e4ytt\u00f6 tapahtuu vain rekisterinpit\u00e4j\u00e4n toimesta ammattikortilla. Tiedot on n\u00e4in suojattu organisaation ulkopuolisilta.<\/p>\n\n\n\n<p><br><strong>TARKASTUSOIKEUS JA REKISTERITIETOJEN KORJAAMINEN<\/strong><\/p>\n\n\n\n<p>Rekister\u00f6idyll\u00e4 on oikeus tarkastaa itse\u00e4\u00e4n koskevat rekisteritiedot. Jos rekister\u00f6ity vaatii tietojen oikaisua, rekisterinpit\u00e4j\u00e4 tarkistaa tiedot ja muuttaa tiedot, jos niille on peruste. Reksterinpit\u00e4j\u00e4 vastaa pyynt\u00f6\u00f6n kuukauden sis\u00e4ll\u00e4, jos k\u00e4sittelyyn ja selvitykseen tarvitaan enemm\u00e4n aikaa.<\/p>\n","protected":false},"excerpt":{"rendered":"<p>Henkil\u00f6tietolain (523\/1999) 10 \u00a7 ja 24&amp; mukainen rekisteriseloste REKISTERIN NIMI Kirsikka Terveyden potilasrekisteri REKISTERINPIT\u00c4J\u00c4 Nimi: Kirsikkaonni Oy\/ Kirsikka TerveysVerkkosivut: kirsikkaterveys.fiOsoite: Taitajantie 1, 38360 SastamalaPuh. 050 310 1133S\u00e4hk\u00f6posti: info@kirsikkaterveys.fi REKISTERIASIOISTA VASTAAVA HENKIL\u00d6 Nimi: Kirsi KoskinenOsoite: Niinipuuntie 20, 38360 SastamalaPuh. 040 5420846S\u00e4hk\u00f6posti: kirsi.koskinen@kirsikkaonni.fi HENKIL\u00d6TIETOJEN K\u00c4SITTELYN TARKOITUS \/ REKISTERIN K\u00c4YTT\u00d6TARKOITUS Potilaan hoidon suunnittelu ja toteuttaminen sek\u00e4 hoidon seuranta [&hellip;]<\/p>\n","protected":false},"author":1,"featured_media":0,"parent":0,"menu_order":0,"comment_status":"closed","ping_status":"open","template":"","meta":{"_uag_custom_page_level_css":"","footnotes":""},"class_list":["post-3","page","type-page","status-publish","hentry"],"yoast_head":"<!-- This site is optimized with the Yoast SEO plugin v23.1 - https:\/\/yoast.com\/wordpress\/plugins\/seo\/ -->\n<title>Rekisteriseloste - Kirsikka Terveys<\/title>\n<meta name=\"robots\" content=\"index, follow, max-snippet:-1, max-image-preview:large, max-video-preview:-1\" \/>\n<link rel=\"canonical\" href=\"https:\/\/www.kirsikkaterveys.fi\/index.php\/rekisteriseloste\/\" \/>\n<meta property=\"og:locale\" content=\"fi_FI\" \/>\n<meta property=\"og:type\" content=\"article\" \/>\n<meta property=\"og:title\" content=\"Rekisteriseloste - Kirsikka Terveys\" \/>\n<meta property=\"og:description\" content=\"Henkil\u00f6tietolain (523\/1999) 10 \u00a7 ja 24&amp; mukainen rekisteriseloste REKISTERIN NIMI Kirsikka Terveyden potilasrekisteri REKISTERINPIT\u00c4J\u00c4 Nimi: Kirsikkaonni Oy\/ Kirsikka TerveysVerkkosivut: kirsikkaterveys.fiOsoite: Taitajantie 1, 38360 SastamalaPuh. 050 310 1133S\u00e4hk\u00f6posti: info@kirsikkaterveys.fi REKISTERIASIOISTA VASTAAVA HENKIL\u00d6 Nimi: Kirsi KoskinenOsoite: Niinipuuntie 20, 38360 SastamalaPuh. 040 5420846S\u00e4hk\u00f6posti: kirsi.koskinen@kirsikkaonni.fi HENKIL\u00d6TIETOJEN K\u00c4SITTELYN TARKOITUS \/ REKISTERIN K\u00c4YTT\u00d6TARKOITUS Potilaan hoidon suunnittelu ja toteuttaminen sek\u00e4 hoidon seuranta [&hellip;]\" \/>\n<meta property=\"og:url\" content=\"https:\/\/www.kirsikkaterveys.fi\/index.php\/rekisteriseloste\/\" \/>\n<meta property=\"og:site_name\" content=\"Kirsikka Terveys\" \/>\n<meta property=\"article:modified_time\" content=\"2020-03-18T07:52:24+00:00\" \/>\n<meta property=\"og:image\" content=\"https:\/\/www.kirsikkaterveys.fi\/wp-content\/uploads\/2019\/11\/kt-header.jpg\" \/>\n\t<meta property=\"og:image:width\" content=\"1920\" \/>\n\t<meta property=\"og:image:height\" content=\"1280\" \/>\n\t<meta property=\"og:image:type\" content=\"image\/jpeg\" \/>\n<meta name=\"twitter:card\" content=\"summary_large_image\" \/>\n<meta name=\"twitter:label1\" content=\"Arvioitu lukuaika\" \/>\n\t<meta name=\"twitter:data1\" content=\"1 minuutti\" \/>\n<script type=\"application\/ld+json\" class=\"yoast-schema-graph\">{\"@context\":\"https:\/\/schema.org\",\"@graph\":[{\"@type\":\"WebPage\",\"@id\":\"https:\/\/www.kirsikkaterveys.fi\/index.php\/rekisteriseloste\/\",\"url\":\"https:\/\/www.kirsikkaterveys.fi\/index.php\/rekisteriseloste\/\",\"name\":\"Rekisteriseloste - Kirsikka Terveys\",\"isPartOf\":{\"@id\":\"https:\/\/www.kirsikkaterveys.fi\/#website\"},\"datePublished\":\"2019-06-05T11:39:57+00:00\",\"dateModified\":\"2020-03-18T07:52:24+00:00\",\"breadcrumb\":{\"@id\":\"https:\/\/www.kirsikkaterveys.fi\/index.php\/rekisteriseloste\/#breadcrumb\"},\"inLanguage\":\"fi\",\"potentialAction\":[{\"@type\":\"ReadAction\",\"target\":[\"https:\/\/www.kirsikkaterveys.fi\/index.php\/rekisteriseloste\/\"]}]},{\"@type\":\"BreadcrumbList\",\"@id\":\"https:\/\/www.kirsikkaterveys.fi\/index.php\/rekisteriseloste\/#breadcrumb\",\"itemListElement\":[{\"@type\":\"ListItem\",\"position\":1,\"name\":\"Home\",\"item\":\"https:\/\/www.kirsikkaterveys.fi\/\"},{\"@type\":\"ListItem\",\"position\":2,\"name\":\"Rekisteriseloste\"}]},{\"@type\":\"WebSite\",\"@id\":\"https:\/\/www.kirsikkaterveys.fi\/#website\",\"url\":\"https:\/\/www.kirsikkaterveys.fi\/\",\"name\":\"Kirsikka Terveys\",\"description\":\"Terveydenhoidon ja hyvinvointialan palvelua Sastamalassa\",\"publisher\":{\"@id\":\"https:\/\/www.kirsikkaterveys.fi\/#organization\"},\"potentialAction\":[{\"@type\":\"SearchAction\",\"target\":{\"@type\":\"EntryPoint\",\"urlTemplate\":\"https:\/\/www.kirsikkaterveys.fi\/?s={search_term_string}\"},\"query-input\":\"required name=search_term_string\"}],\"inLanguage\":\"fi\"},{\"@type\":\"Organization\",\"@id\":\"https:\/\/www.kirsikkaterveys.fi\/#organization\",\"name\":\"Kirsikka Terveys\",\"url\":\"https:\/\/www.kirsikkaterveys.fi\/\",\"logo\":{\"@type\":\"ImageObject\",\"inLanguage\":\"fi\",\"@id\":\"https:\/\/www.kirsikkaterveys.fi\/#\/schema\/logo\/image\/\",\"url\":\"https:\/\/www.kirsikkaterveys.fi\/wp-content\/uploads\/2019\/11\/logo.png\",\"contentUrl\":\"https:\/\/www.kirsikkaterveys.fi\/wp-content\/uploads\/2019\/11\/logo.png\",\"width\":722,\"height\":187,\"caption\":\"Kirsikka Terveys\"},\"image\":{\"@id\":\"https:\/\/www.kirsikkaterveys.fi\/#\/schema\/logo\/image\/\"}}]}<\/script>\n<!-- \/ Yoast SEO plugin. -->","yoast_head_json":{"title":"Rekisteriseloste - Kirsikka Terveys","robots":{"index":"index","follow":"follow","max-snippet":"max-snippet:-1","max-image-preview":"max-image-preview:large","max-video-preview":"max-video-preview:-1"},"canonical":"https:\/\/www.kirsikkaterveys.fi\/index.php\/rekisteriseloste\/","og_locale":"fi_FI","og_type":"article","og_title":"Rekisteriseloste - Kirsikka Terveys","og_description":"Henkil\u00f6tietolain (523\/1999) 10 \u00a7 ja 24&amp; mukainen rekisteriseloste REKISTERIN NIMI Kirsikka Terveyden potilasrekisteri REKISTERINPIT\u00c4J\u00c4 Nimi: Kirsikkaonni Oy\/ Kirsikka TerveysVerkkosivut: kirsikkaterveys.fiOsoite: Taitajantie 1, 38360 SastamalaPuh. 050 310 1133S\u00e4hk\u00f6posti: info@kirsikkaterveys.fi REKISTERIASIOISTA VASTAAVA HENKIL\u00d6 Nimi: Kirsi KoskinenOsoite: Niinipuuntie 20, 38360 SastamalaPuh. 040 5420846S\u00e4hk\u00f6posti: kirsi.koskinen@kirsikkaonni.fi HENKIL\u00d6TIETOJEN K\u00c4SITTELYN TARKOITUS \/ REKISTERIN K\u00c4YTT\u00d6TARKOITUS Potilaan hoidon suunnittelu ja toteuttaminen sek\u00e4 hoidon seuranta [&hellip;]","og_url":"https:\/\/www.kirsikkaterveys.fi\/index.php\/rekisteriseloste\/","og_site_name":"Kirsikka Terveys","article_modified_time":"2020-03-18T07:52:24+00:00","og_image":[{"width":1920,"height":1280,"url":"https:\/\/www.kirsikkaterveys.fi\/wp-content\/uploads\/2019\/11\/kt-header.jpg","type":"image\/jpeg"}],"twitter_card":"summary_large_image","twitter_misc":{"Arvioitu lukuaika":"1 minuutti"},"schema":{"@context":"https:\/\/schema.org","@graph":[{"@type":"WebPage","@id":"https:\/\/www.kirsikkaterveys.fi\/index.php\/rekisteriseloste\/","url":"https:\/\/www.kirsikkaterveys.fi\/index.php\/rekisteriseloste\/","name":"Rekisteriseloste - Kirsikka Terveys","isPartOf":{"@id":"https:\/\/www.kirsikkaterveys.fi\/#website"},"datePublished":"2019-06-05T11:39:57+00:00","dateModified":"2020-03-18T07:52:24+00:00","breadcrumb":{"@id":"https:\/\/www.kirsikkaterveys.fi\/index.php\/rekisteriseloste\/#breadcrumb"},"inLanguage":"fi","potentialAction":[{"@type":"ReadAction","target":["https:\/\/www.kirsikkaterveys.fi\/index.php\/rekisteriseloste\/"]}]},{"@type":"BreadcrumbList","@id":"https:\/\/www.kirsikkaterveys.fi\/index.php\/rekisteriseloste\/#breadcrumb","itemListElement":[{"@type":"ListItem","position":1,"name":"Home","item":"https:\/\/www.kirsikkaterveys.fi\/"},{"@type":"ListItem","position":2,"name":"Rekisteriseloste"}]},{"@type":"WebSite","@id":"https:\/\/www.kirsikkaterveys.fi\/#website","url":"https:\/\/www.kirsikkaterveys.fi\/","name":"Kirsikka Terveys","description":"Terveydenhoidon ja hyvinvointialan palvelua Sastamalassa","publisher":{"@id":"https:\/\/www.kirsikkaterveys.fi\/#organization"},"potentialAction":[{"@type":"SearchAction","target":{"@type":"EntryPoint","urlTemplate":"https:\/\/www.kirsikkaterveys.fi\/?s={search_term_string}"},"query-input":"required name=search_term_string"}],"inLanguage":"fi"},{"@type":"Organization","@id":"https:\/\/www.kirsikkaterveys.fi\/#organization","name":"Kirsikka Terveys","url":"https:\/\/www.kirsikkaterveys.fi\/","logo":{"@type":"ImageObject","inLanguage":"fi","@id":"https:\/\/www.kirsikkaterveys.fi\/#\/schema\/logo\/image\/","url":"https:\/\/www.kirsikkaterveys.fi\/wp-content\/uploads\/2019\/11\/logo.png","contentUrl":"https:\/\/www.kirsikkaterveys.fi\/wp-content\/uploads\/2019\/11\/logo.png","width":722,"height":187,"caption":"Kirsikka Terveys"},"image":{"@id":"https:\/\/www.kirsikkaterveys.fi\/#\/schema\/logo\/image\/"}}]}},"uagb_featured_image_src":{"full":false,"thumbnail":false,"medium":false,"medium_large":false,"large":false,"1536x1536":false,"2048x2048":false},"uagb_author_info":{"display_name":"admin","author_link":"https:\/\/www.kirsikkaterveys.fi\/index.php\/author\/admin\/"},"uagb_comment_info":0,"uagb_excerpt":"Henkil\u00f6tietolain (523\/1999) 10 \u00a7 ja 24&amp; mukainen rekisteriseloste REKISTERIN NIMI Kirsikka Terveyden potilasrekisteri REKISTERINPIT\u00c4J\u00c4 Nimi: Kirsikkaonni Oy\/ Kirsikka TerveysVerkkosivut: kirsikkaterveys.fiOsoite: Taitajantie 1, 38360 SastamalaPuh. 050 310 1133S\u00e4hk\u00f6posti: info@kirsikkaterveys.fi REKISTERIASIOISTA VASTAAVA HENKIL\u00d6 Nimi: Kirsi KoskinenOsoite: Niinipuuntie 20, 38360 SastamalaPuh. 040 5420846S\u00e4hk\u00f6posti: kirsi.koskinen@kirsikkaonni.fi HENKIL\u00d6TIETOJEN K\u00c4SITTELYN TARKOITUS \/ REKISTERIN K\u00c4YTT\u00d6TARKOITUS Potilaan hoidon suunnittelu ja toteuttaminen sek\u00e4 hoidon seuranta&hellip;","_links":{"self":[{"href":"https:\/\/www.kirsikkaterveys.fi\/index.php\/wp-json\/wp\/v2\/pages\/3","targetHints":{"allow":["GET"]}}],"collection":[{"href":"https:\/\/www.kirsikkaterveys.fi\/index.php\/wp-json\/wp\/v2\/pages"}],"about":[{"href":"https:\/\/www.kirsikkaterveys.fi\/index.php\/wp-json\/wp\/v2\/types\/page"}],"author":[{"embeddable":true,"href":"https:\/\/www.kirsikkaterveys.fi\/index.php\/wp-json\/wp\/v2\/users\/1"}],"replies":[{"embeddable":true,"href":"https:\/\/www.kirsikkaterveys.fi\/index.php\/wp-json\/wp\/v2\/comments?post=3"}],"version-history":[{"count":3,"href":"https:\/\/www.kirsikkaterveys.fi\/index.php\/wp-json\/wp\/v2\/pages\/3\/revisions"}],"predecessor-version":[{"id":274,"href":"https:\/\/www.kirsikkaterveys.fi\/index.php\/wp-json\/wp\/v2\/pages\/3\/revisions\/274"}],"wp:attachment":[{"href":"https:\/\/www.kirsikkaterveys.fi\/index.php\/wp-json\/wp\/v2\/media?parent=3"}],"curies":[{"name":"wp","href":"https:\/\/api.w.org\/{rel}","templated":true}]}}