{"id":12,"date":"2019-11-18T05:33:09","date_gmt":"2019-11-18T05:33:09","guid":{"rendered":"http:\/\/www.kirsikkaterveys.fi\/?page_id=12"},"modified":"2026-03-22T22:45:07","modified_gmt":"2026-03-22T20:45:07","slug":"etusivu","status":"publish","type":"page","link":"https:\/\/www.kirsikkaterveys.fi\/","title":{"rendered":"Terveydenhoitopalvelut"},"content":{"rendered":"\n<div class=\"wp-block-columns is-layout-flex wp-container-core-columns-is-layout-9d6595d7 wp-block-columns-is-layout-flex\">\n<div class=\"wp-block-column is-layout-flow wp-block-column-is-layout-flow\" style=\"flex-basis:66.66%\">\n<h2 class=\"wp-block-heading\">Terveydenhoidon asiantuntija apunasi<\/h2>\n\n\n\n<p>Yksityinen Kirsikka Terveyden sairaanhoitajan vastaanotto kattaa toimenpiteiden lis\u00e4ksi hoidon tarpeen arvioinnin sek\u00e4 neuvonnan ja ohjauksen. Sairaanhoitaja on asiantuntija monissa arjen vaivoissa ja osaa my\u00f6s neuvoa potilasta eteenp\u00e4in, jos vaiva vaatii l\u00e4\u00e4k\u00e4rin tai muun asiantuntijan apua.<\/p>\n\n\n\n<p>Vastaanottoty\u00f6t\u00e4 tukee sairaanhoitajan vuosien perehtyneisyys eri sairausryhmiin ja hoitoihin. Tuorein osaaminen tulee jalkojen ongelmien hoidosta, joka on erityisen t\u00e4rke\u00e4\u00e4 mm. diabeetikoilla. <\/p>\n\n\n\n<p><a href=\"https:\/\/www.kirsikkaterveys.fi\/index.php\/yhteystiedot\/\">Ota yhteytt\u00e4<\/a> ja etsit\u00e4\u00e4n apu ongelmaasi! Soita tai varaa aika suoraan <a href=\"https:\/\/www.kirsikkaterveys.fi\/index.php\/ajanvaraus\/\">ajanvarauksesta<\/a>. <\/p>\n<\/div>\n\n\n\n<div class=\"wp-block-column is-layout-flow wp-block-column-is-layout-flow\" style=\"flex-basis:33.33%\"><div class=\"wp-block-image\">\n<figure class=\"aligncenter size-large is-resized\"><img loading=\"lazy\" decoding=\"async\" width=\"283\" height=\"283\" src=\"https:\/\/www.kirsikkaterveys.fi\/wp-content\/uploads\/2020\/01\/soita.png\" alt=\"\" class=\"wp-image-121\" style=\"width:230px;height:212px\" srcset=\"https:\/\/www.kirsikkaterveys.fi\/wp-content\/uploads\/2020\/01\/soita.png 283w, https:\/\/www.kirsikkaterveys.fi\/wp-content\/uploads\/2020\/01\/soita-150x150.png 150w\" sizes=\"auto, (max-width: 283px) 100vw, 283px\" \/><\/figure><\/div><\/div>\n<\/div>\n","protected":false},"excerpt":{"rendered":"<p>Terveydenhoidon asiantuntija apunasi Yksityinen Kirsikka Terveyden sairaanhoitajan vastaanotto kattaa toimenpiteiden lis\u00e4ksi hoidon tarpeen arvioinnin sek\u00e4 neuvonnan ja ohjauksen. Sairaanhoitaja on asiantuntija monissa arjen vaivoissa ja osaa my\u00f6s neuvoa potilasta eteenp\u00e4in, jos vaiva vaatii l\u00e4\u00e4k\u00e4rin tai muun asiantuntijan apua. Vastaanottoty\u00f6t\u00e4 tukee sairaanhoitajan vuosien perehtyneisyys eri sairausryhmiin ja hoitoihin. Tuorein osaaminen tulee jalkojen ongelmien hoidosta, joka on [&hellip;]<\/p>\n","protected":false},"author":1,"featured_media":9,"parent":0,"menu_order":0,"comment_status":"closed","ping_status":"closed","template":"","meta":{"_uag_custom_page_level_css":"","footnotes":""},"class_list":["post-12","page","type-page","status-publish","has-post-thumbnail","hentry"],"yoast_head":"<!-- This site is optimized with the Yoast SEO plugin v23.1 - https:\/\/yoast.com\/wordpress\/plugins\/seo\/ -->\n<title>Terveydenhoitopalvelut - Kirsikka Terveys<\/title>\n<meta name=\"description\" content=\"Kirsikka Terveys on yksityinen terveydenhoidon ja hyvinvointialan asiantuntija Sastamalassa.\" \/>\n<meta name=\"robots\" content=\"index, follow, max-snippet:-1, max-image-preview:large, max-video-preview:-1\" \/>\n<link rel=\"canonical\" href=\"https:\/\/www.kirsikkaterveys.fi\/\" \/>\n<meta property=\"og:locale\" content=\"fi_FI\" \/>\n<meta property=\"og:type\" content=\"article\" \/>\n<meta property=\"og:title\" content=\"Terveydenhoitopalvelut - Kirsikka Terveys\" \/>\n<meta property=\"og:description\" content=\"Kirsikka Terveys on yksityinen terveydenhoidon ja hyvinvointialan asiantuntija Sastamalassa.\" \/>\n<meta property=\"og:url\" content=\"https:\/\/www.kirsikkaterveys.fi\/\" \/>\n<meta property=\"og:site_name\" content=\"Kirsikka Terveys\" \/>\n<meta property=\"article:modified_time\" content=\"2026-03-22T20:45:07+00:00\" \/>\n<meta property=\"og:image\" content=\"https:\/\/www.kirsikkaterveys.fi\/wp-content\/uploads\/2019\/11\/2413576-scaled.jpg\" \/>\n\t<meta property=\"og:image:width\" content=\"2560\" \/>\n\t<meta property=\"og:image:height\" content=\"1707\" \/>\n\t<meta property=\"og:image:type\" content=\"image\/jpeg\" \/>\n<meta name=\"twitter:card\" content=\"summary_large_image\" \/>\n<meta name=\"twitter:label1\" content=\"Arvioitu lukuaika\" \/>\n\t<meta name=\"twitter:data1\" content=\"1 minuutti\" \/>\n<script type=\"application\/ld+json\" class=\"yoast-schema-graph\">{\"@context\":\"https:\/\/schema.org\",\"@graph\":[{\"@type\":\"WebPage\",\"@id\":\"https:\/\/www.kirsikkaterveys.fi\/\",\"url\":\"https:\/\/www.kirsikkaterveys.fi\/\",\"name\":\"Terveydenhoitopalvelut - Kirsikka Terveys\",\"isPartOf\":{\"@id\":\"https:\/\/www.kirsikkaterveys.fi\/#website\"},\"primaryImageOfPage\":{\"@id\":\"https:\/\/www.kirsikkaterveys.fi\/#primaryimage\"},\"image\":{\"@id\":\"https:\/\/www.kirsikkaterveys.fi\/#primaryimage\"},\"thumbnailUrl\":\"https:\/\/www.kirsikkaterveys.fi\/wp-content\/uploads\/2019\/11\/2413576-scaled.jpg\",\"datePublished\":\"2019-11-18T05:33:09+00:00\",\"dateModified\":\"2026-03-22T20:45:07+00:00\",\"description\":\"Kirsikka Terveys on yksityinen terveydenhoidon ja hyvinvointialan asiantuntija Sastamalassa.\",\"breadcrumb\":{\"@id\":\"https:\/\/www.kirsikkaterveys.fi\/#breadcrumb\"},\"inLanguage\":\"fi\",\"potentialAction\":[{\"@type\":\"ReadAction\",\"target\":[\"https:\/\/www.kirsikkaterveys.fi\/\"]}]},{\"@type\":\"ImageObject\",\"inLanguage\":\"fi\",\"@id\":\"https:\/\/www.kirsikkaterveys.fi\/#primaryimage\",\"url\":\"https:\/\/www.kirsikkaterveys.fi\/wp-content\/uploads\/2019\/11\/2413576-scaled.jpg\",\"contentUrl\":\"https:\/\/www.kirsikkaterveys.fi\/wp-content\/uploads\/2019\/11\/2413576-scaled.jpg\",\"width\":2560,\"height\":1707},{\"@type\":\"BreadcrumbList\",\"@id\":\"https:\/\/www.kirsikkaterveys.fi\/#breadcrumb\",\"itemListElement\":[{\"@type\":\"ListItem\",\"position\":1,\"name\":\"Home\",\"item\":\"https:\/\/www.kirsikkaterveys.fi\/\"},{\"@type\":\"ListItem\",\"position\":2,\"name\":\"Terveydenhoitopalvelut\"}]},{\"@type\":\"WebSite\",\"@id\":\"https:\/\/www.kirsikkaterveys.fi\/#website\",\"url\":\"https:\/\/www.kirsikkaterveys.fi\/\",\"name\":\"Kirsikka Terveys\",\"description\":\"Terveydenhoidon ja hyvinvointialan palvelua Sastamalassa\",\"publisher\":{\"@id\":\"https:\/\/www.kirsikkaterveys.fi\/#organization\"},\"potentialAction\":[{\"@type\":\"SearchAction\",\"target\":{\"@type\":\"EntryPoint\",\"urlTemplate\":\"https:\/\/www.kirsikkaterveys.fi\/?s={search_term_string}\"},\"query-input\":\"required name=search_term_string\"}],\"inLanguage\":\"fi\"},{\"@type\":\"Organization\",\"@id\":\"https:\/\/www.kirsikkaterveys.fi\/#organization\",\"name\":\"Kirsikka Terveys\",\"url\":\"https:\/\/www.kirsikkaterveys.fi\/\",\"logo\":{\"@type\":\"ImageObject\",\"inLanguage\":\"fi\",\"@id\":\"https:\/\/www.kirsikkaterveys.fi\/#\/schema\/logo\/image\/\",\"url\":\"https:\/\/www.kirsikkaterveys.fi\/wp-content\/uploads\/2019\/11\/logo.png\",\"contentUrl\":\"https:\/\/www.kirsikkaterveys.fi\/wp-content\/uploads\/2019\/11\/logo.png\",\"width\":722,\"height\":187,\"caption\":\"Kirsikka Terveys\"},\"image\":{\"@id\":\"https:\/\/www.kirsikkaterveys.fi\/#\/schema\/logo\/image\/\"}}]}<\/script>\n<!-- \/ Yoast SEO plugin. -->","yoast_head_json":{"title":"Terveydenhoitopalvelut - Kirsikka Terveys","description":"Kirsikka Terveys on yksityinen terveydenhoidon ja hyvinvointialan asiantuntija Sastamalassa.","robots":{"index":"index","follow":"follow","max-snippet":"max-snippet:-1","max-image-preview":"max-image-preview:large","max-video-preview":"max-video-preview:-1"},"canonical":"https:\/\/www.kirsikkaterveys.fi\/","og_locale":"fi_FI","og_type":"article","og_title":"Terveydenhoitopalvelut - Kirsikka Terveys","og_description":"Kirsikka Terveys on yksityinen terveydenhoidon ja hyvinvointialan asiantuntija Sastamalassa.","og_url":"https:\/\/www.kirsikkaterveys.fi\/","og_site_name":"Kirsikka Terveys","article_modified_time":"2026-03-22T20:45:07+00:00","og_image":[{"width":2560,"height":1707,"url":"https:\/\/www.kirsikkaterveys.fi\/wp-content\/uploads\/2019\/11\/2413576-scaled.jpg","type":"image\/jpeg"}],"twitter_card":"summary_large_image","twitter_misc":{"Arvioitu lukuaika":"1 minuutti"},"schema":{"@context":"https:\/\/schema.org","@graph":[{"@type":"WebPage","@id":"https:\/\/www.kirsikkaterveys.fi\/","url":"https:\/\/www.kirsikkaterveys.fi\/","name":"Terveydenhoitopalvelut - Kirsikka Terveys","isPartOf":{"@id":"https:\/\/www.kirsikkaterveys.fi\/#website"},"primaryImageOfPage":{"@id":"https:\/\/www.kirsikkaterveys.fi\/#primaryimage"},"image":{"@id":"https:\/\/www.kirsikkaterveys.fi\/#primaryimage"},"thumbnailUrl":"https:\/\/www.kirsikkaterveys.fi\/wp-content\/uploads\/2019\/11\/2413576-scaled.jpg","datePublished":"2019-11-18T05:33:09+00:00","dateModified":"2026-03-22T20:45:07+00:00","description":"Kirsikka Terveys on yksityinen terveydenhoidon ja hyvinvointialan asiantuntija Sastamalassa.","breadcrumb":{"@id":"https:\/\/www.kirsikkaterveys.fi\/#breadcrumb"},"inLanguage":"fi","potentialAction":[{"@type":"ReadAction","target":["https:\/\/www.kirsikkaterveys.fi\/"]}]},{"@type":"ImageObject","inLanguage":"fi","@id":"https:\/\/www.kirsikkaterveys.fi\/#primaryimage","url":"https:\/\/www.kirsikkaterveys.fi\/wp-content\/uploads\/2019\/11\/2413576-scaled.jpg","contentUrl":"https:\/\/www.kirsikkaterveys.fi\/wp-content\/uploads\/2019\/11\/2413576-scaled.jpg","width":2560,"height":1707},{"@type":"BreadcrumbList","@id":"https:\/\/www.kirsikkaterveys.fi\/#breadcrumb","itemListElement":[{"@type":"ListItem","position":1,"name":"Home","item":"https:\/\/www.kirsikkaterveys.fi\/"},{"@type":"ListItem","position":2,"name":"Terveydenhoitopalvelut"}]},{"@type":"WebSite","@id":"https:\/\/www.kirsikkaterveys.fi\/#website","url":"https:\/\/www.kirsikkaterveys.fi\/","name":"Kirsikka Terveys","description":"Terveydenhoidon ja hyvinvointialan palvelua Sastamalassa","publisher":{"@id":"https:\/\/www.kirsikkaterveys.fi\/#organization"},"potentialAction":[{"@type":"SearchAction","target":{"@type":"EntryPoint","urlTemplate":"https:\/\/www.kirsikkaterveys.fi\/?s={search_term_string}"},"query-input":"required name=search_term_string"}],"inLanguage":"fi"},{"@type":"Organization","@id":"https:\/\/www.kirsikkaterveys.fi\/#organization","name":"Kirsikka Terveys","url":"https:\/\/www.kirsikkaterveys.fi\/","logo":{"@type":"ImageObject","inLanguage":"fi","@id":"https:\/\/www.kirsikkaterveys.fi\/#\/schema\/logo\/image\/","url":"https:\/\/www.kirsikkaterveys.fi\/wp-content\/uploads\/2019\/11\/logo.png","contentUrl":"https:\/\/www.kirsikkaterveys.fi\/wp-content\/uploads\/2019\/11\/logo.png","width":722,"height":187,"caption":"Kirsikka Terveys"},"image":{"@id":"https:\/\/www.kirsikkaterveys.fi\/#\/schema\/logo\/image\/"}}]}},"uagb_featured_image_src":{"full":["https:\/\/www.kirsikkaterveys.fi\/wp-content\/uploads\/2019\/11\/2413576-scaled.jpg",2560,1707,false],"thumbnail":["https:\/\/www.kirsikkaterveys.fi\/wp-content\/uploads\/2019\/11\/2413576-150x150.jpg",150,150,true],"medium":["https:\/\/www.kirsikkaterveys.fi\/wp-content\/uploads\/2019\/11\/2413576-300x200.jpg",300,200,true],"medium_large":["https:\/\/www.kirsikkaterveys.fi\/wp-content\/uploads\/2019\/11\/2413576-768x512.jpg",768,512,true],"large":["https:\/\/www.kirsikkaterveys.fi\/wp-content\/uploads\/2019\/11\/2413576-1024x683.jpg",900,600,true],"1536x1536":["https:\/\/www.kirsikkaterveys.fi\/wp-content\/uploads\/2019\/11\/2413576-1536x1024.jpg",1536,1024,true],"2048x2048":["https:\/\/www.kirsikkaterveys.fi\/wp-content\/uploads\/2019\/11\/2413576-2048x1365.jpg",2048,1365,true]},"uagb_author_info":{"display_name":"admin","author_link":"https:\/\/www.kirsikkaterveys.fi\/index.php\/author\/admin\/"},"uagb_comment_info":0,"uagb_excerpt":"Terveydenhoidon asiantuntija apunasi Yksityinen Kirsikka Terveyden sairaanhoitajan vastaanotto kattaa toimenpiteiden lis\u00e4ksi hoidon tarpeen arvioinnin sek\u00e4 neuvonnan ja ohjauksen. Sairaanhoitaja on asiantuntija monissa arjen vaivoissa ja osaa my\u00f6s neuvoa potilasta eteenp\u00e4in, jos vaiva vaatii l\u00e4\u00e4k\u00e4rin tai muun asiantuntijan apua. Vastaanottoty\u00f6t\u00e4 tukee sairaanhoitajan vuosien perehtyneisyys eri sairausryhmiin ja hoitoihin. Tuorein osaaminen tulee jalkojen ongelmien hoidosta, joka on&hellip;","_links":{"self":[{"href":"https:\/\/www.kirsikkaterveys.fi\/index.php\/wp-json\/wp\/v2\/pages\/12","targetHints":{"allow":["GET"]}}],"collection":[{"href":"https:\/\/www.kirsikkaterveys.fi\/index.php\/wp-json\/wp\/v2\/pages"}],"about":[{"href":"https:\/\/www.kirsikkaterveys.fi\/index.php\/wp-json\/wp\/v2\/types\/page"}],"author":[{"embeddable":true,"href":"https:\/\/www.kirsikkaterveys.fi\/index.php\/wp-json\/wp\/v2\/users\/1"}],"replies":[{"embeddable":true,"href":"https:\/\/www.kirsikkaterveys.fi\/index.php\/wp-json\/wp\/v2\/comments?post=12"}],"version-history":[{"count":22,"href":"https:\/\/www.kirsikkaterveys.fi\/index.php\/wp-json\/wp\/v2\/pages\/12\/revisions"}],"predecessor-version":[{"id":717,"href":"https:\/\/www.kirsikkaterveys.fi\/index.php\/wp-json\/wp\/v2\/pages\/12\/revisions\/717"}],"wp:featuredmedia":[{"embeddable":true,"href":"https:\/\/www.kirsikkaterveys.fi\/index.php\/wp-json\/wp\/v2\/media\/9"}],"wp:attachment":[{"href":"https:\/\/www.kirsikkaterveys.fi\/index.php\/wp-json\/wp\/v2\/media?parent=12"}],"curies":[{"name":"wp","href":"https:\/\/api.w.org\/{rel}","templated":true}]}}